{"id":534,"date":"2022-08-18T12:29:14","date_gmt":"2022-08-18T10:29:14","guid":{"rendered":"https:\/\/bs-tech.si\/pogoji-uporabe\/"},"modified":"2025-01-16T13:09:28","modified_gmt":"2025-01-16T12:09:28","slug":"nutzungsbedingungen","status":"publish","type":"page","link":"https:\/\/bs-tech.si\/de\/nutzungsbedingungen\/","title":{"rendered":"Nutzungsbedingungen"},"content":{"rendered":"<div class=\"fusion-fullwidth fullwidth-box fusion-builder-row-1 nonhundred-percent-fullwidth non-hundred-percent-height-scrolling\"  style='background-color: rgba(255,255,255,0);background-position: center center;background-repeat: no-repeat;padding-top:0px;padding-right:0px;padding-bottom:0px;padding-left:0px;'><div class=\"fusion-builder-row fusion-row \"><div  class=\"fusion-layout-column fusion_builder_column fusion_builder_column_1_1 fusion-builder-column-0 fusion-one-full fusion-column-first fusion-column-last 1_1\"  style='margin-top:0px;margin-bottom:0px;'><div class=\"fusion-column-wrapper\" style=\"padding: 0px 0px 0px 0px;background-position:left top;background-repeat:no-repeat;-webkit-background-size:cover;-moz-background-size:cover;-o-background-size:cover;background-size:cover;\"   data-bg-url=\"\"><div class=\"fusion-text\"><h3>INDEM SIE DIESE WEBSITE ODER DIE WEBSITE-PLATTFORM edu.bs-tech.si VERWENDEN, ERKL\u00c4REN SIE SICH MIT DEN FOLGENDEN BEDINGUNGEN EINVERSTANDEN:<\/h3>\n<p>Ihr Zugriff auf und Ihre Nutzung der Websites www.bs-tech.si oder edu.bs-tech.si (im Folgenden als Website bezeichnet) unterliegen den folgenden Nutzungsbedingungen und Allgemeinen Gesch\u00e4ftsbedingungen f\u00fcr Online-K\u00e4ufe, die mit allen Gesetzen und Vorschriften. Indem Sie auf die Site zugreifen und sie verwenden, akzeptieren Sie diese Nutzungsbedingungen und die Allgemeinen Gesch\u00e4ftsbedingungen f\u00fcr Online-K\u00e4ufe ohne Einschr\u00e4nkung oder \u00c4nderung und best\u00e4tigen, dass alle anderen Vereinbarungen zwischen Ihnen und BS-Tech entsprechend diesen Inhalten angepasst werden. Wenn Sie nicht einverstanden sind und die Bedingungen nicht uneingeschr\u00e4nkt und vorbehaltlos akzeptieren, verlassen Sie bitte die Site.<\/p>\n<h3>Eigentum an Inhalten<\/h3>\n<p>Die Website und alle enthaltenen Inhalte, einschlie\u00dflich aber nicht beschr\u00e4nkt auf alle Texte und Bilder (Inhalte), sind Eigentum von BS-Tech oder anderen und von diesen registriert, sofern nicht anders angegeben. Alle Rechte vorbehalten. S\u00e4mtlicher Inhalt wie etwa Warenzeichen, Logos oder Dienstleistungsmarken sind ebenfalls eingetragene und nicht eingetragene Warenzeichen von BS-Tech oder anderen. Die Verwendung der Inhalte, au\u00dfer wie in diesen Nutzungsbedingungen vorgesehen, ist ohne die schriftliche Genehmigung des Inhaltseigent\u00fcmers streng verboten. Wir weisen au\u00dferdem darauf hin, dass BS-Tech die Rechte am geistigen Eigentum mit allen gesetzlich vorgesehenen Mitteln, einschlie\u00dflich strafrechtlicher Verfolgung, strikt durchsetzen wird.<\/p>\n<p>Quellen und auf der Seite verwendete Fotos:<\/p>\n<ul>\n<li>https:\/\/pixabay.com\/<\/li>\n<li>https:\/\/www.pexels.com\/<\/li>\n<li>https:\/\/unsplash.com\/<\/li>\n<\/ul>\n<h3>NUTZUNG DER WEBSITE<\/h3>\n<p>BS-Tech d.o.o. erm\u00f6glicht die Nutzung der Website wie folgt:<\/p>\n<p>Bilder d\u00fcrfen nicht hochgeladen werden;<br \/>\nSie d\u00fcrfen die Inhalte herunterladen, jedoch nur f\u00fcr den nicht-kommerziellen oder pers\u00f6nlichen Gebrauch und unter der Voraussetzung, dass Sie s\u00e4mtliche in den Inhalten enthaltenen Urheberrechts- und sonstigen Eigentumshinweise beibehalten;<br \/>\nEs ist verboten, den Inhalt ohne die schriftliche Genehmigung von BS-Tech zu verteilen, zu \u00e4ndern, zu kopieren (au\u00dfer wie oben vorgesehen), zu \u00fcbermitteln, anzuzeigen, wiederzuverwenden, zu reproduzieren, zu ver\u00f6ffentlichen, zu lizenzieren, abgeleitete Werke daraus zu erstellen, zu \u00fcbertragen, zu verkaufen oder anderweitig zu nutzen;<br \/>\nEs ist verboten, die Website zu nutzen, um Material zu ver\u00f6ffentlichen oder zu \u00fcbermitteln, das verletzend, bedrohlich, falsch, irref\u00fchrend, unangemessen, bel\u00e4stigend, diffamierend, verleumderisch, vulg\u00e4r, obsz\u00f6n, skandal\u00f6s, aufr\u00fchrerisch, pornographisch oder gottesl\u00e4sterlich ist, oder anderes Material, das zu einer Handlung ermutigen, die als Straftat angesehen werden k\u00f6nnte, Anlass zu einer Zivilklage geben w\u00fcrde oder auf andere Weise gegen ein Gesetz versto\u00dfen w\u00fcrde. BS-Tech d.o.o. wird uneingeschr\u00e4nkt mit allen Justizbeh\u00f6rden und Rechtsverfahren zusammenarbeiten, die die Offenlegung der Identit\u00e4t von Personen verlangen oder anweisen, die derartige Informationen oder Materialien ver\u00f6ffentlichen oder \u00fcbermitteln;<br \/>\nEs ist verboten, die Website f\u00fcr Werbe- oder kommerzielle Zwecke zu nutzen.<\/p>\n<h3>DATENSCHUTZ<\/h3>\n<p>Alle personenbezogenen Daten (z. B. Name, Adresse, Telefonnummer oder E-Mail-Adresse), die Sie per E-Mail oder auf andere Weise an die Website \u00fcbermitteln, werden gem\u00e4\u00df der auf dieser Seite ver\u00f6ffentlichten Datenschutzrichtlinie verwendet. Alle anderen Mitteilungen oder Materialien, die Sie an die Website \u00fcbermitteln, wie etwa Fragen, Kommentare, Vorschl\u00e4ge oder \u00c4hnliches, werden als nicht vertraulich und nicht urheberrechtlich gesch\u00fctzt behandelt. E-Mails und andere \u00dcbertragungen werden nicht verschl\u00fcsselt oder anderweitig gesichert. Sie sichern zu und gew\u00e4hrleisten, dass alle von Ihnen im Zusammenhang mit Ihrer Nutzung der Website bereitgestellten Informationen wahr, richtig und vollst\u00e4ndig sind und bleiben und dass Sie diese Informationen regelm\u00e4\u00dfig pflegen und aktualisieren.<\/p>\n<h3>HAFTUNGSAUSSCHLUSS<\/h3>\n<p>Die Website und die gesamte auf der Website verf\u00fcgbare Software, Dienste, Inhalte und Benutzerinhalte k\u00f6nnen sich \u00e4ndern. Sie werden Ihnen \u201ewie besehen\u201c zur Verf\u00fcgung gestellt, ohne jegliche ausdr\u00fcckliche oder stillschweigende Garantie, einschlie\u00dflich, aber nicht beschr\u00e4nkt auf stillschweigende Garantien f\u00fcr die Marktg\u00e4ngigkeit, Eignung f\u00fcr einen bestimmten Zweck oder Nichtverletzung.<\/p>\n<p>Bitte beachten Sie, dass der Ausschluss stillschweigender Garantien in einigen Rechtsgebieten m\u00f6glicherweise nicht zul\u00e4ssig ist und einige der oben genannten Ausschl\u00fcsse daher m\u00f6glicherweise nicht f\u00fcr Sie gelten. Ohne Einschr\u00e4nkung des Vorstehenden gilt f\u00fcr BS-Tech d.o.o. \u00fcbernimmt weder eine Garantie noch eine Zusicherung, dass der Benutzer durch die Verwendung der Inhalte keine Rechte Dritter verletzt, noch dass die Inhalte richtig, vollst\u00e4ndig oder aktuell sind. Dar\u00fcber hinaus durch Verweise auf Diskussionen, Chats, Layouts, Downloads, elektronische Bulletin Boards und dergleichen. BS-Tech d.o.o. \u00fcbernimmt keine rechtliche oder sonstige Haftung f\u00fcr rechtswidrige, drohende, falsche, irref\u00fchrende, unangemessene, st\u00f6rende, beleidigende, diffamierende, vulg\u00e4re, obsz\u00f6ne, skandal\u00f6se, aufr\u00fchrerische, pornografische oder gottesl\u00e4sterliche Inhalte oder f\u00fcr Inhalte, die ein Verhalten darstellen oder dazu ermutigen k\u00f6nnten, das als eine Straftat darstellen, zu zivilrechtlicher Haftung f\u00fchren oder auf andere Weise an irgendeiner Stelle dieser Website gegen ein Gesetz versto\u00dfen.<\/p>\n<h3>HAFTUNGSAUSSCHLUSS<\/h3>\n<p>Sie nutzen diese Site auf eigenes Risiko. BS-Tech d.o.o. oder seine Tochtergesellschaften und andere Unternehmen, die an der Erstellung, Reproduktion oder Bereitstellung der Website beteiligt sind, sowie deren jeweilige Direktoren, leitenden Angestellten, Mitarbeiter, Agenten und Vertreter haften nicht f\u00fcr direkte, indirekte, strafende, zuf\u00e4llige, besondere, Folge-, exemplarische oder strafende Sch\u00e4den und Strafschadenersatz, der sich aus den Websites ergeben oder mit deren Nutzung oder Inhalten in Zusammenhang stehen kann, unabh\u00e4ngig davon, ob dies auf Vertrags-, Delikts-, verschuldensunabh\u00e4ngiger Haftung oder anderweitig beruht, auch falls auf die M\u00f6glichkeit derartiger Sch\u00e4den hingewiesen wurde.<\/p>\n<p>Bitte beachten Sie, dass der Ausschluss stillschweigender Garantien in einigen Rechtsgebieten m\u00f6glicherweise nicht zul\u00e4ssig ist und einige der oben genannten Ausschl\u00fcsse daher m\u00f6glicherweise nicht f\u00fcr Sie gelten.<\/p>\n<h3>LINKS ZU WEBSITES DRITTER<\/h3>\n<p>Die Website kann Links zu Websites enthalten, die Eigentum anderer Parteien sind oder von diesen betrieben werden. Solche Links werden nur zu Ihrer Bequemlichkeit bereitgestellt. BS-Tech d.o.o. hat keine Kontrolle \u00fcber den Inhalt, den Datenschutz oder die Sicherheit dieser Sites und ist daf\u00fcr nicht verantwortlich. Ohne Einschr\u00e4nkung des Vorstehenden gilt f\u00fcr BS-Tech d.o.o. lehnt ausdr\u00fccklich jegliche Haftung ab, insbesondere:<\/p>\n<p>wenn diese Seiten die geistigen Eigentumsrechte Dritter verletzen;<br \/>\nwenn sie ungenau, unvollst\u00e4ndig oder irref\u00fchrend sind;<br \/>\nwenn sie nicht f\u00fcr den Verkauf oder f\u00fcr einen bestimmten Zweck geeignet sind;<br \/>\nwenn sie keine ausreichende Sicherheit bieten;<br \/>\nwenn sie Viren oder andere Dinge zerst\u00f6rerischer Natur enthalten;<br \/>\nwenn sie beleidigend oder diffamierend sind.<\/p>\n<p>BS-Tech d.o.o. unterst\u00fctzt weder den Inhalt noch die Produkte oder Dienstleistungen, die auf diesen Websites verf\u00fcgbar sind. Wenn Sie auf solche Websites verlinken, tun Sie dies auf eigenes Risiko und ohne Erlaubnis von BS-Tech d.o.o.<\/p>\n<h3>\u00dcberarbeitung der Nutzungsbedingungen<\/h3>\n<p>BS-Tech d.o.o. kann diese Nutzungsbedingungen jederzeit und ohne Vorank\u00fcndigung \u00e4ndern und diese Informationen aktualisieren. Diese \u00c4nderungen sind f\u00fcr Sie bindend. Daher sollten Sie diese Seite regelm\u00e4\u00dfig besuchen, um die aktuellen Nutzungsbedingungen zu \u00fcberpr\u00fcfen.<\/p>\n<p>Stand: 05. 08. 2022<\/p>\n<\/div><div class=\"fusion-clearfix\"><\/div><\/div><\/div><\/div><\/div>\n","protected":false},"excerpt":{"rendered":"","protected":false},"author":1,"featured_media":0,"parent":0,"menu_order":0,"comment_status":"closed","ping_status":"closed","template":"","meta":[],"yoast_head":"<!-- This site is optimized with the Yoast SEO plugin v14.8.1 - https:\/\/yoast.com\/wordpress\/plugins\/seo\/ -->\n<title>Nutzungsbedingungen &raquo; BS Tech<\/title>\n<meta name=\"robots\" content=\"index, follow\" \/>\n<meta name=\"googlebot\" content=\"index, follow, max-snippet:-1, max-image-preview:large, max-video-preview:-1\" \/>\n<meta name=\"bingbot\" content=\"index, follow, max-snippet:-1, max-image-preview:large, max-video-preview:-1\" \/>\n<link rel=\"canonical\" href=\"https:\/\/bs-tech.si\/de\/nutzungsbedingungen\/\" \/>\n<meta property=\"og:locale\" content=\"de_DE\" \/>\n<meta property=\"og:type\" content=\"article\" \/>\n<meta property=\"og:title\" content=\"Nutzungsbedingungen &raquo; BS Tech\" \/>\n<meta property=\"og:url\" content=\"https:\/\/bs-tech.si\/de\/nutzungsbedingungen\/\" \/>\n<meta property=\"og:site_name\" content=\"BS Tech\" \/>\n<meta property=\"article:modified_time\" content=\"2025-01-16T12:09:28+00:00\" \/>\n<meta name=\"twitter:card\" content=\"summary_large_image\" \/>\n<script type=\"application\/ld+json\" class=\"yoast-schema-graph\">{\"@context\":\"https:\/\/schema.org\",\"@graph\":[{\"@type\":\"Organization\",\"@id\":\"https:\/\/bs-tech.si\/de\/#organization\",\"name\":\"BS-Tech d.o.o.\",\"url\":\"https:\/\/bs-tech.si\/de\/\",\"sameAs\":[],\"logo\":{\"@type\":\"ImageObject\",\"@id\":\"https:\/\/bs-tech.si\/de\/#logo\",\"inLanguage\":\"de\",\"url\":\"\",\"caption\":\"BS-Tech d.o.o.\"},\"image\":{\"@id\":\"https:\/\/bs-tech.si\/de\/#logo\"}},{\"@type\":\"WebSite\",\"@id\":\"https:\/\/bs-tech.si\/de\/#website\",\"url\":\"https:\/\/bs-tech.si\/de\/\",\"name\":\"BS Tech\",\"description\":\"Mehanska obdelava kovin, gradbeni\\u0161tvo in trgovina\",\"publisher\":{\"@id\":\"https:\/\/bs-tech.si\/de\/#organization\"},\"potentialAction\":[{\"@type\":\"SearchAction\",\"target\":\"https:\/\/bs-tech.si\/de\/?s={search_term_string}\",\"query-input\":\"required name=search_term_string\"}],\"inLanguage\":\"de\"},{\"@type\":\"WebPage\",\"@id\":\"https:\/\/bs-tech.si\/de\/nutzungsbedingungen\/#webpage\",\"url\":\"https:\/\/bs-tech.si\/de\/nutzungsbedingungen\/\",\"name\":\"Nutzungsbedingungen &raquo; BS Tech\",\"isPartOf\":{\"@id\":\"https:\/\/bs-tech.si\/de\/#website\"},\"datePublished\":\"2022-08-18T10:29:14+00:00\",\"dateModified\":\"2025-01-16T12:09:28+00:00\",\"inLanguage\":\"de\",\"potentialAction\":[{\"@type\":\"ReadAction\",\"target\":[\"https:\/\/bs-tech.si\/de\/nutzungsbedingungen\/\"]}]}]}<\/script>\n<!-- \/ Yoast SEO plugin. -->","_links":{"self":[{"href":"https:\/\/bs-tech.si\/de\/wp-json\/wp\/v2\/pages\/534"}],"collection":[{"href":"https:\/\/bs-tech.si\/de\/wp-json\/wp\/v2\/pages"}],"about":[{"href":"https:\/\/bs-tech.si\/de\/wp-json\/wp\/v2\/types\/page"}],"author":[{"embeddable":true,"href":"https:\/\/bs-tech.si\/de\/wp-json\/wp\/v2\/users\/1"}],"replies":[{"embeddable":true,"href":"https:\/\/bs-tech.si\/de\/wp-json\/wp\/v2\/comments?post=534"}],"version-history":[{"count":3,"href":"https:\/\/bs-tech.si\/de\/wp-json\/wp\/v2\/pages\/534\/revisions"}],"predecessor-version":[{"id":612,"href":"https:\/\/bs-tech.si\/de\/wp-json\/wp\/v2\/pages\/534\/revisions\/612"}],"wp:attachment":[{"href":"https:\/\/bs-tech.si\/de\/wp-json\/wp\/v2\/media?parent=534"}],"curies":[{"name":"wp","href":"https:\/\/api.w.org\/{rel}","templated":true}]}}